{"id":819,"date":"2023-11-08T18:11:10","date_gmt":"2023-11-08T18:11:10","guid":{"rendered":"https:\/\/aguiatranslog.com.br\/?page_id=819"},"modified":"2023-11-13T16:42:22","modified_gmt":"2023-11-13T19:42:22","slug":"galeria-de-fotos-e-imagens","status":"publish","type":"page","link":"https:\/\/aguiatranslog.com.br\/?page_id=819","title":{"rendered":"Galeria de Fotos e Imagens"},"content":{"rendered":"\t\t<div data-elementor-type=\"wp-page\" data-elementor-id=\"819\" class=\"elementor elementor-819\" data-elementor-post-type=\"page\">\n\t\t\t\t\t\t\t<div class=\"elementor-element elementor-element-f54a595 e-con-full e-flex e-con e-parent\" data-id=\"f54a595\" data-element_type=\"container\" data-settings=\"{&quot;content_width&quot;:&quot;full&quot;,&quot;background_background&quot;:&quot;classic&quot;,&quot;container_type&quot;:&quot;flex&quot;}\" data-core-v316-plus=\"true\">\n\t\t\t\t<div class=\"elementor-element elementor-element-97d1bf5 elementor-widget elementor-widget-heading\" data-id=\"97d1bf5\" data-element_type=\"widget\" data-widget_type=\"heading.default\">\n\t\t\t\t<div class=\"elementor-widget-container\">\n\t\t\t<style>\/*! elementor - v3.17.0 - 01-11-2023 *\/\n.elementor-heading-title{padding:0;margin:0;line-height:1}.elementor-widget-heading .elementor-heading-title[class*=elementor-size-]>a{color:inherit;font-size:inherit;line-height:inherit}.elementor-widget-heading .elementor-heading-title.elementor-size-small{font-size:15px}.elementor-widget-heading .elementor-heading-title.elementor-size-medium{font-size:19px}.elementor-widget-heading .elementor-heading-title.elementor-size-large{font-size:29px}.elementor-widget-heading .elementor-heading-title.elementor-size-xl{font-size:39px}.elementor-widget-heading .elementor-heading-title.elementor-size-xxl{font-size:59px}<\/style><h2 class=\"elementor-heading-title elementor-size-default\">Galeria de Fotos e Imagens<\/h2>\t\t<\/div>\n\t\t\t\t<\/div>\n\t\t\t\t<\/div>\n\t\t<div class=\"elementor-element elementor-element-794ba45 e-con-full e-flex e-con e-parent\" data-id=\"794ba45\" data-element_type=\"container\" data-settings=\"{&quot;content_width&quot;:&quot;full&quot;,&quot;background_background&quot;:&quot;gradient&quot;,&quot;container_type&quot;:&quot;flex&quot;}\" data-core-v316-plus=\"true\">\n\t\t\t\t<div class=\"elementor-element elementor-element-08d912a elementor-widget__width-inherit elementor-widget elementor-widget-gallery\" data-id=\"08d912a\" data-element_type=\"widget\" data-settings=\"{&quot;gallery_layout&quot;:&quot;masonry&quot;,&quot;gap&quot;:{&quot;unit&quot;:&quot;px&quot;,&quot;size&quot;:36,&quot;sizes&quot;:[]},&quot;lazyload&quot;:&quot;yes&quot;,&quot;columns&quot;:4,&quot;columns_tablet&quot;:2,&quot;columns_mobile&quot;:1,&quot;gap_widescreen&quot;:{&quot;unit&quot;:&quot;px&quot;,&quot;size&quot;:&quot;&quot;,&quot;sizes&quot;:[]},&quot;gap_tablet&quot;:{&quot;unit&quot;:&quot;px&quot;,&quot;size&quot;:10,&quot;sizes&quot;:[]},&quot;gap_mobile&quot;:{&quot;unit&quot;:&quot;px&quot;,&quot;size&quot;:10,&quot;sizes&quot;:[]},&quot;link_to&quot;:&quot;file&quot;,&quot;overlay_background&quot;:&quot;yes&quot;,&quot;content_hover_animation&quot;:&quot;fade-in&quot;}\" data-widget_type=\"gallery.default\">\n\t\t\t\t<div class=\"elementor-widget-container\">\n\t\t\t<style>\/*! elementor-pro - v3.16.0 - 14-09-2023 *\/\n.elementor-gallery__container{min-height:1px}.elementor-gallery-item{position:relative;overflow:hidden;display:block;text-decoration:none;border:solid var(--image-border-width) var(--image-border-color);border-radius:var(--image-border-radius)}.elementor-gallery-item__content,.elementor-gallery-item__overlay{height:100%;width:100%;position:absolute;top:0;left:0}.elementor-gallery-item__overlay{mix-blend-mode:var(--overlay-mix-blend-mode);transition-duration:var(--overlay-transition-duration);transition-property:mix-blend-mode,transform,opacity,background-color}.elementor-gallery-item__image.e-gallery-image{transition-duration:var(--image-transition-duration);transition-property:filter,transform}.elementor-gallery-item__content{display:flex;flex-direction:column;justify-content:var(--content-justify-content,center);align-items:center;text-align:var(--content-text-align);padding:var(--content-padding)}.elementor-gallery-item__content>div{transition-duration:var(--content-transition-duration)}.elementor-gallery-item__content.elementor-gallery--sequenced-animation>div:nth-child(2){transition-delay:calc(var(--content-transition-delay) \/ 3)}.elementor-gallery-item__content.elementor-gallery--sequenced-animation>div:nth-child(3){transition-delay:calc(var(--content-transition-delay) \/ 3 * 2)}.elementor-gallery-item__content.elementor-gallery--sequenced-animation>div:nth-child(4){transition-delay:calc(var(--content-transition-delay) \/ 3 * 3)}.elementor-gallery-item__description{color:var(--description-text-color,#fff);width:100%}.elementor-gallery-item__title{color:var(--title-text-color,#fff);font-weight:700;width:100%}.elementor-gallery__titles-container{display:flex;flex-wrap:wrap;justify-content:var(--titles-container-justify-content,center);margin-bottom:20px}.elementor-gallery__titles-container:not(.e--pointer-framed) .elementor-item:after,.elementor-gallery__titles-container:not(.e--pointer-framed) .elementor-item:before{background-color:var(--galleries-pointer-bg-color-hover)}.elementor-gallery__titles-container:not(.e--pointer-framed) .elementor-item.elementor-item-active:after,.elementor-gallery__titles-container:not(.e--pointer-framed) .elementor-item.elementor-item-active:before{background-color:var(--galleries-pointer-bg-color-active)}.elementor-gallery__titles-container.e--pointer-framed .elementor-item:before{border-color:var(--galleries-pointer-bg-color-hover);border-width:var(--galleries-pointer-border-width)}.elementor-gallery__titles-container.e--pointer-framed .elementor-item:after{border-color:var(--galleries-pointer-bg-color-hover)}.elementor-gallery__titles-container.e--pointer-framed .elementor-item.elementor-item-active:after,.elementor-gallery__titles-container.e--pointer-framed .elementor-item.elementor-item-active:before{border-color:var(--galleries-pointer-bg-color-active)}.elementor-gallery__titles-container.e--pointer-framed.e--animation-draw .elementor-item:before{border-left-width:var(--galleries-pointer-border-width);border-bottom-width:var(--galleries-pointer-border-width);border-right-width:0;border-top-width:0}.elementor-gallery__titles-container.e--pointer-framed.e--animation-draw .elementor-item:after{border-left-width:0;border-bottom-width:0;border-right-width:var(--galleries-pointer-border-width);border-top-width:var(--galleries-pointer-border-width)}.elementor-gallery__titles-container.e--pointer-framed.e--animation-corners .elementor-item:before{border-left-width:var(--galleries-pointer-border-width);border-bottom-width:0;border-right-width:0;border-top-width:var(--galleries-pointer-border-width)}.elementor-gallery__titles-container.e--pointer-framed.e--animation-corners .elementor-item:after{border-left-width:0;border-bottom-width:var(--galleries-pointer-border-width);border-right-width:var(--galleries-pointer-border-width);border-top-width:0}.elementor-gallery__titles-container .e--pointer-double-line .elementor-item:after,.elementor-gallery__titles-container .e--pointer-double-line .elementor-item:before,.elementor-gallery__titles-container .e--pointer-overline .elementor-item:before,.elementor-gallery__titles-container .e--pointer-underline .elementor-item:after{height:var(--galleries-pointer-border-width)}.elementor-gallery-title{--space-between:10px;cursor:pointer;color:#6d7882;font-weight:500;position:relative;padding:7px 14px;transition:all .3s}.elementor-gallery-title--active{color:#495157}.elementor-gallery-title:not(:last-child){margin-right:var(--space-between)}.elementor-gallery-item__title+.elementor-gallery-item__description{margin-top:var(--description-margin-top)}.e-gallery-item.elementor-gallery-item{transition-property:all}.e-gallery-item.elementor-animated-content .elementor-animated-item--enter-from-bottom,.e-gallery-item.elementor-animated-content .elementor-animated-item--enter-from-left,.e-gallery-item.elementor-animated-content .elementor-animated-item--enter-from-right,.e-gallery-item.elementor-animated-content .elementor-animated-item--enter-from-top,.e-gallery-item:focus .elementor-gallery__item-overlay-bg,.e-gallery-item:focus .elementor-gallery__item-overlay-content,.e-gallery-item:focus .elementor-gallery__item-overlay-content__description,.e-gallery-item:focus .elementor-gallery__item-overlay-content__title,.e-gallery-item:hover .elementor-gallery__item-overlay-bg,.e-gallery-item:hover .elementor-gallery__item-overlay-content,.e-gallery-item:hover .elementor-gallery__item-overlay-content__description,.e-gallery-item:hover .elementor-gallery__item-overlay-content__title{opacity:1}a.elementor-item.elementor-gallery-title{color:var(--galleries-title-color-normal)}a.elementor-item.elementor-gallery-title.elementor-item-active,a.elementor-item.elementor-gallery-title.highlighted,a.elementor-item.elementor-gallery-title:focus,a.elementor-item.elementor-gallery-title:hover{color:var(--galleries-title-color-hover)}a.elementor-item.elementor-gallery-title.elementor-item-active{color:var(--gallery-title-color-active)}.e-con-inner>.elementor-widget-gallery,.e-con>.elementor-widget-gallery{width:var(--container-widget-width);--flex-grow:var(--container-widget-flex-grow)}<\/style>\t\t<div class=\"elementor-gallery__container\">\n\t\t\t\t\t\t\t<a class=\"e-gallery-item elementor-gallery-item elementor-animated-content\" href=\"https:\/\/aguiatranslog.com.br\/wp-content\/uploads\/2023\/11\/Transporte-e-Logistica-em-Santos-Proprietarios-Aguia-Translog.webp\" data-elementor-open-lightbox=\"yes\" data-elementor-lightbox-slideshow=\"08d912a\" data-elementor-lightbox-title=\"Transporte e L\u00f3gistica em Santos Propriet\u00e1rios \u00c1guia Translog\" data-e-action-hash=\"#elementor-action%3Aaction%3Dlightbox%26settings%3DeyJpZCI6ODA5LCJ1cmwiOiJodHRwczpcL1wvYWd1aWF0cmFuc2xvZy5jb20uYnJcL3dwLWNvbnRlbnRcL3VwbG9hZHNcLzIwMjNcLzExXC9UcmFuc3BvcnRlLWUtTG9naXN0aWNhLWVtLVNhbnRvcy1Qcm9wcmlldGFyaW9zLUFndWlhLVRyYW5zbG9nLndlYnAiLCJzbGlkZXNob3ciOiIwOGQ5MTJhIn0%3D\">\n\t\t\t\t\t<div class=\"e-gallery-image elementor-gallery-item__image\" data-thumbnail=\"https:\/\/aguiatranslog.com.br\/wp-content\/uploads\/2023\/11\/Transporte-e-Logistica-em-Santos-Proprietarios-Aguia-Translog-300x200.webp\" data-width=\"300\" data-height=\"200\" aria-label=\"\" role=\"img\" ><\/div>\n\t\t\t\t\t\t\t\t\t\t\t<div class=\"elementor-gallery-item__overlay\"><\/div>\n\t\t\t\t\t\t\t\t\t\t\t\t\t\t<\/a>\n\t\t\t\t\t\t\t<a class=\"e-gallery-item elementor-gallery-item elementor-animated-content\" href=\"https:\/\/aguiatranslog.com.br\/wp-content\/uploads\/2023\/11\/Aguia-Translog-Empresa-de-Transporte-e-Logistica-em-Santos-e-Itajai-5.webp\" data-elementor-open-lightbox=\"yes\" data-elementor-lightbox-slideshow=\"08d912a\" data-elementor-lightbox-title=\"Aguia Translog Empresa de Transporte e L\u00f3gistica em Santos e Itaja\u00ed - 5\" data-e-action-hash=\"#elementor-action%3Aaction%3Dlightbox%26settings%3DeyJpZCI6ODA4LCJ1cmwiOiJodHRwczpcL1wvYWd1aWF0cmFuc2xvZy5jb20uYnJcL3dwLWNvbnRlbnRcL3VwbG9hZHNcLzIwMjNcLzExXC9BZ3VpYS1UcmFuc2xvZy1FbXByZXNhLWRlLVRyYW5zcG9ydGUtZS1Mb2dpc3RpY2EtZW0tU2FudG9zLWUtSXRhamFpLTUud2VicCIsInNsaWRlc2hvdyI6IjA4ZDkxMmEifQ%3D%3D\">\n\t\t\t\t\t<div class=\"e-gallery-image elementor-gallery-item__image\" data-thumbnail=\"https:\/\/aguiatranslog.com.br\/wp-content\/uploads\/2023\/11\/Aguia-Translog-Empresa-de-Transporte-e-Logistica-em-Santos-e-Itajai-5-300x225.webp\" data-width=\"300\" data-height=\"225\" aria-label=\"\" role=\"img\" ><\/div>\n\t\t\t\t\t\t\t\t\t\t\t<div class=\"elementor-gallery-item__overlay\"><\/div>\n\t\t\t\t\t\t\t\t\t\t\t\t\t\t<\/a>\n\t\t\t\t\t\t\t<a class=\"e-gallery-item elementor-gallery-item elementor-animated-content\" href=\"https:\/\/aguiatranslog.com.br\/wp-content\/uploads\/2023\/11\/Aguia-Translog-Empresa-de-Transporte-e-Logistica-em-Santos-e-Itajai-4.webp\" data-elementor-open-lightbox=\"yes\" data-elementor-lightbox-slideshow=\"08d912a\" data-elementor-lightbox-title=\"Aguia Translog Empresa de Transporte e L\u00f3gistica em Santos e Itaja\u00ed - 4\" data-e-action-hash=\"#elementor-action%3Aaction%3Dlightbox%26settings%3DeyJpZCI6ODA3LCJ1cmwiOiJodHRwczpcL1wvYWd1aWF0cmFuc2xvZy5jb20uYnJcL3dwLWNvbnRlbnRcL3VwbG9hZHNcLzIwMjNcLzExXC9BZ3VpYS1UcmFuc2xvZy1FbXByZXNhLWRlLVRyYW5zcG9ydGUtZS1Mb2dpc3RpY2EtZW0tU2FudG9zLWUtSXRhamFpLTQud2VicCIsInNsaWRlc2hvdyI6IjA4ZDkxMmEifQ%3D%3D\">\n\t\t\t\t\t<div class=\"e-gallery-image elementor-gallery-item__image\" data-thumbnail=\"https:\/\/aguiatranslog.com.br\/wp-content\/uploads\/2023\/11\/Aguia-Translog-Empresa-de-Transporte-e-Logistica-em-Santos-e-Itajai-4-300x225.webp\" data-width=\"300\" data-height=\"225\" aria-label=\"\" role=\"img\" ><\/div>\n\t\t\t\t\t\t\t\t\t\t\t<div class=\"elementor-gallery-item__overlay\"><\/div>\n\t\t\t\t\t\t\t\t\t\t\t\t\t\t<\/a>\n\t\t\t\t\t\t\t<a class=\"e-gallery-item elementor-gallery-item elementor-animated-content\" href=\"https:\/\/aguiatranslog.com.br\/wp-content\/uploads\/2023\/11\/Aguia-Translog-Empresa-de-Transporte-e-Logistica-em-Santos-e-Itajai-3.webp\" data-elementor-open-lightbox=\"yes\" data-elementor-lightbox-slideshow=\"08d912a\" data-elementor-lightbox-title=\"Aguia Translog Empresa de Transporte e L\u00f3gistica em Santos e Itaja\u00ed - 3\" data-e-action-hash=\"#elementor-action%3Aaction%3Dlightbox%26settings%3DeyJpZCI6ODA2LCJ1cmwiOiJodHRwczpcL1wvYWd1aWF0cmFuc2xvZy5jb20uYnJcL3dwLWNvbnRlbnRcL3VwbG9hZHNcLzIwMjNcLzExXC9BZ3VpYS1UcmFuc2xvZy1FbXByZXNhLWRlLVRyYW5zcG9ydGUtZS1Mb2dpc3RpY2EtZW0tU2FudG9zLWUtSXRhamFpLTMud2VicCIsInNsaWRlc2hvdyI6IjA4ZDkxMmEifQ%3D%3D\">\n\t\t\t\t\t<div class=\"e-gallery-image elementor-gallery-item__image\" data-thumbnail=\"https:\/\/aguiatranslog.com.br\/wp-content\/uploads\/2023\/11\/Aguia-Translog-Empresa-de-Transporte-e-Logistica-em-Santos-e-Itajai-3-300x225.webp\" data-width=\"300\" data-height=\"225\" aria-label=\"\" role=\"img\" ><\/div>\n\t\t\t\t\t\t\t\t\t\t\t<div class=\"elementor-gallery-item__overlay\"><\/div>\n\t\t\t\t\t\t\t\t\t\t\t\t\t\t<\/a>\n\t\t\t\t\t\t\t<a class=\"e-gallery-item elementor-gallery-item elementor-animated-content\" href=\"https:\/\/aguiatranslog.com.br\/wp-content\/uploads\/2023\/11\/Aguia-Translog-Empresa-de-Transporte-e-Logistica-em-Santos-e-Itajai-2.webp\" data-elementor-open-lightbox=\"yes\" data-elementor-lightbox-slideshow=\"08d912a\" data-elementor-lightbox-title=\"Aguia Translog Empresa de Transporte e L\u00f3gistica em Santos e Itaja\u00ed - 2\" data-e-action-hash=\"#elementor-action%3Aaction%3Dlightbox%26settings%3DeyJpZCI6ODA1LCJ1cmwiOiJodHRwczpcL1wvYWd1aWF0cmFuc2xvZy5jb20uYnJcL3dwLWNvbnRlbnRcL3VwbG9hZHNcLzIwMjNcLzExXC9BZ3VpYS1UcmFuc2xvZy1FbXByZXNhLWRlLVRyYW5zcG9ydGUtZS1Mb2dpc3RpY2EtZW0tU2FudG9zLWUtSXRhamFpLTIud2VicCIsInNsaWRlc2hvdyI6IjA4ZDkxMmEifQ%3D%3D\">\n\t\t\t\t\t<div class=\"e-gallery-image elementor-gallery-item__image\" data-thumbnail=\"https:\/\/aguiatranslog.com.br\/wp-content\/uploads\/2023\/11\/Aguia-Translog-Empresa-de-Transporte-e-Logistica-em-Santos-e-Itajai-2-300x225.webp\" data-width=\"300\" data-height=\"225\" aria-label=\"\" role=\"img\" ><\/div>\n\t\t\t\t\t\t\t\t\t\t\t<div class=\"elementor-gallery-item__overlay\"><\/div>\n\t\t\t\t\t\t\t\t\t\t\t\t\t\t<\/a>\n\t\t\t\t\t\t\t<a class=\"e-gallery-item elementor-gallery-item elementor-animated-content\" href=\"https:\/\/aguiatranslog.com.br\/wp-content\/uploads\/2023\/11\/Aguia-Translog-Empresa-de-Transporte-e-Logistica-em-Santos-e-Itajai-1.webp\" data-elementor-open-lightbox=\"yes\" data-elementor-lightbox-slideshow=\"08d912a\" data-elementor-lightbox-title=\"Aguia Translog Empresa de Transporte e L\u00f3gistica em Santos e Itaja\u00ed - 1\" data-e-action-hash=\"#elementor-action%3Aaction%3Dlightbox%26settings%3DeyJpZCI6ODA0LCJ1cmwiOiJodHRwczpcL1wvYWd1aWF0cmFuc2xvZy5jb20uYnJcL3dwLWNvbnRlbnRcL3VwbG9hZHNcLzIwMjNcLzExXC9BZ3VpYS1UcmFuc2xvZy1FbXByZXNhLWRlLVRyYW5zcG9ydGUtZS1Mb2dpc3RpY2EtZW0tU2FudG9zLWUtSXRhamFpLTEud2VicCIsInNsaWRlc2hvdyI6IjA4ZDkxMmEifQ%3D%3D\">\n\t\t\t\t\t<div class=\"e-gallery-image elementor-gallery-item__image\" data-thumbnail=\"https:\/\/aguiatranslog.com.br\/wp-content\/uploads\/2023\/11\/Aguia-Translog-Empresa-de-Transporte-e-Logistica-em-Santos-e-Itajai-1-225x300.webp\" data-width=\"225\" data-height=\"300\" aria-label=\"\" role=\"img\" ><\/div>\n\t\t\t\t\t\t\t\t\t\t\t<div class=\"elementor-gallery-item__overlay\"><\/div>\n\t\t\t\t\t\t\t\t\t\t\t\t\t\t<\/a>\n\t\t\t\t\t<\/div>\n\t\t\t<\/div>\n\t\t\t\t<\/div>\n\t\t\t\t<div class=\"elementor-element elementor-element-99f71c5 elementor-widget elementor-widget-heading\" data-id=\"99f71c5\" data-element_type=\"widget\" data-widget_type=\"heading.default\">\n\t\t\t\t<div class=\"elementor-widget-container\">\n\t\t\t<h2 class=\"elementor-heading-title elementor-size-default\">Entre em Contato, Acesse Aqui nosso Whatsapp:<\/h2>\t\t<\/div>\n\t\t\t\t<\/div>\n\t\t\t\t<div class=\"elementor-element elementor-element-8667b94 elementor-widescreen-align-center elementor-align-center elementor-widget elementor-widget-button\" data-id=\"8667b94\" data-element_type=\"widget\" data-widget_type=\"button.default\">\n\t\t\t\t<div class=\"elementor-widget-container\">\n\t\t\t\t\t<div class=\"elementor-button-wrapper\">\n\t\t\t<a class=\"elementor-button elementor-button-link elementor-size-md\" href=\"#\">\n\t\t\t\t\t\t<span class=\"elementor-button-content-wrapper\">\n\t\t\t\t\t\t<span class=\"elementor-button-icon elementor-align-icon-left\">\n\t\t\t\t<i aria-hidden=\"true\" class=\"fab fa-whatsapp\"><\/i>\t\t\t<\/span>\n\t\t\t\t\t\t<span class=\"elementor-button-text\">Temos a solu\u00e7\u00e3o perfeita para sua log\u00edstica<\/span>\n\t\t<\/span>\n\t\t\t\t\t<\/a>\n\t\t<\/div>\n\t\t\t\t<\/div>\n\t\t\t\t<\/div>\n\t\t\t\t<\/div>\n\t\t\t\t\t\t\t<\/div>\n\t\t","protected":false},"excerpt":{"rendered":"<p>Entre em Contato, Acesse Aqui nosso Whatsapp: Temos a solu\u00e7\u00e3o perfeita para sua log\u00edstica<\/p>\n","protected":false},"author":1,"featured_media":0,"parent":0,"menu_order":0,"comment_status":"closed","ping_status":"closed","template":"elementor_header_footer","meta":{"footnotes":""},"class_list":["post-819","page","type-page","status-publish","hentry"],"_links":{"self":[{"href":"https:\/\/aguiatranslog.com.br\/index.php?rest_route=\/wp\/v2\/pages\/819","targetHints":{"allow":["GET"]}}],"collection":[{"href":"https:\/\/aguiatranslog.com.br\/index.php?rest_route=\/wp\/v2\/pages"}],"about":[{"href":"https:\/\/aguiatranslog.com.br\/index.php?rest_route=\/wp\/v2\/types\/page"}],"author":[{"embeddable":true,"href":"https:\/\/aguiatranslog.com.br\/index.php?rest_route=\/wp\/v2\/users\/1"}],"replies":[{"embeddable":true,"href":"https:\/\/aguiatranslog.com.br\/index.php?rest_route=%2Fwp%2Fv2%2Fcomments&post=819"}],"version-history":[{"count":13,"href":"https:\/\/aguiatranslog.com.br\/index.php?rest_route=\/wp\/v2\/pages\/819\/revisions"}],"predecessor-version":[{"id":920,"href":"https:\/\/aguiatranslog.com.br\/index.php?rest_route=\/wp\/v2\/pages\/819\/revisions\/920"}],"wp:attachment":[{"href":"https:\/\/aguiatranslog.com.br\/index.php?rest_route=%2Fwp%2Fv2%2Fmedia&parent=819"}],"curies":[{"name":"wp","href":"https:\/\/api.w.org\/{rel}","templated":true}]}}