{"id":710,"date":"2023-11-01T02:22:14","date_gmt":"2023-11-01T02:22:14","guid":{"rendered":"https:\/\/aguiatranslog.com.br\/?page_id=710"},"modified":"2023-11-01T04:19:18","modified_gmt":"2023-11-01T04:19:18","slug":"servicos-de-terminal-portuario-em-santos-e-itajai","status":"publish","type":"page","link":"https:\/\/aguiatranslog.com.br\/?page_id=710","title":{"rendered":"Servi\u00e7os de Terminal Portu\u00e1rio em Santos e Itaja\u00ed"},"content":{"rendered":"\t\t<div data-elementor-type=\"wp-page\" data-elementor-id=\"710\" class=\"elementor elementor-710\" data-elementor-post-type=\"page\">\n\t\t\t\t\t\t\t<div class=\"elementor-element elementor-element-f54a595 e-con-full e-flex e-con e-parent\" data-id=\"f54a595\" data-element_type=\"container\" data-settings=\"{&quot;content_width&quot;:&quot;full&quot;,&quot;background_background&quot;:&quot;classic&quot;,&quot;container_type&quot;:&quot;flex&quot;}\" data-core-v316-plus=\"true\">\n\t\t\t\t<div class=\"elementor-element elementor-element-97d1bf5 elementor-widget elementor-widget-heading\" data-id=\"97d1bf5\" data-element_type=\"widget\" data-widget_type=\"heading.default\">\n\t\t\t\t<div class=\"elementor-widget-container\">\n\t\t\t<style>\/*! elementor - v3.17.0 - 01-11-2023 *\/\n.elementor-heading-title{padding:0;margin:0;line-height:1}.elementor-widget-heading .elementor-heading-title[class*=elementor-size-]>a{color:inherit;font-size:inherit;line-height:inherit}.elementor-widget-heading .elementor-heading-title.elementor-size-small{font-size:15px}.elementor-widget-heading .elementor-heading-title.elementor-size-medium{font-size:19px}.elementor-widget-heading .elementor-heading-title.elementor-size-large{font-size:29px}.elementor-widget-heading .elementor-heading-title.elementor-size-xl{font-size:39px}.elementor-widget-heading .elementor-heading-title.elementor-size-xxl{font-size:59px}<\/style><h2 class=\"elementor-heading-title elementor-size-default\">Servi\u00e7os de Terminal Portu\u00e1rio em Santos e Itaja\u00ed<\/h2>\t\t<\/div>\n\t\t\t\t<\/div>\n\t\t\t\t<\/div>\n\t\t<div class=\"elementor-element elementor-element-794ba45 e-con-full e-flex e-con e-parent\" data-id=\"794ba45\" data-element_type=\"container\" data-settings=\"{&quot;content_width&quot;:&quot;full&quot;,&quot;background_background&quot;:&quot;gradient&quot;,&quot;container_type&quot;:&quot;flex&quot;}\" data-core-v316-plus=\"true\">\n\t\t\t\t<div class=\"elementor-element elementor-element-7dbd210 elementor-widget elementor-widget-text-editor\" data-id=\"7dbd210\" data-element_type=\"widget\" data-widget_type=\"text-editor.default\">\n\t\t\t\t<div class=\"elementor-widget-container\">\n\t\t\t<style>\/*! elementor - v3.17.0 - 01-11-2023 *\/\n.elementor-widget-text-editor.elementor-drop-cap-view-stacked .elementor-drop-cap{background-color:#69727d;color:#fff}.elementor-widget-text-editor.elementor-drop-cap-view-framed .elementor-drop-cap{color:#69727d;border:3px solid;background-color:transparent}.elementor-widget-text-editor:not(.elementor-drop-cap-view-default) .elementor-drop-cap{margin-top:8px}.elementor-widget-text-editor:not(.elementor-drop-cap-view-default) .elementor-drop-cap-letter{width:1em;height:1em}.elementor-widget-text-editor .elementor-drop-cap{float:left;text-align:center;line-height:1;font-size:50px}.elementor-widget-text-editor .elementor-drop-cap-letter{display:inline-block}<\/style>\t\t\t\t<p>Se voc\u00ea est\u00e1 buscando solu\u00e7\u00f5es confi\u00e1veis e eficientes para o armazenamento de cargas em terminal, chegou ao lugar certo. Nossos servi\u00e7os de transporte s\u00e3o projetados para atender \u00e0s demandas complexas da log\u00edstica moderna, garantindo que suas cargas sejam entregues com seguran\u00e7a, pontualidade e economia.<\/p>\n<p><strong>Benef\u00edcios dos Nossos Servi\u00e7os de&nbsp;<\/strong><b>armazenamento de cargas em terminal:<\/b><\/p>\n<ol>\n<li>\n<p><strong>Log\u00edstica Precisa:<\/strong> Contamos com uma equipe altamente experiente e tecnologia de ponta para planejar e executar opera\u00e7\u00f5es log\u00edsticas de terminal portu\u00e1rio. Desde a coleta at\u00e9 a entrega, cada etapa \u00e9 cuidadosamente monitorada para garantir um fluxo suave e eficiente.<\/p>\n<\/li>\n<li>\n<p><strong>Confiabilidade:<\/strong> Sabemos o qu\u00e3o crucial \u00e9 a confiabilidade no transporte de cargas. Nossos sistemas avan\u00e7ados de rastreamento e monitoramento em tempo real permitem que voc\u00ea acompanhe o status da sua carga a qualquer momento, proporcionando tranquilidade e confian\u00e7a.<\/p>\n<\/li>\n<li>\n<p><strong>Economia de Tempo e Recursos:<\/strong> Com a nossa abordagem integrada e eficiente, voc\u00ea economizar\u00e1 tempo e recursos preciosos. Ao confiar em nossos servi\u00e7os, voc\u00ea poder\u00e1 focar em outras \u00e1reas do seu neg\u00f3cio enquanto cuidamos de toda a log\u00edstica.<\/p>\n<\/li>\n<li>\n<p><strong>Ampla Cobertura:<\/strong> Oferecemos uma ampla cobertura de destinos, garantindo que suas cargas sejam entregues em \u00e2mbito local, regional e nacional. Independentemente da dist\u00e2ncia, estamos prontos para atender \u00e0s suas necessidades de transporte.<\/p>\n<\/li>\n<li>\n<p><strong>Seguran\u00e7a em Primeiro Lugar:<\/strong> A seguran\u00e7a das suas cargas \u00e9 a nossa prioridade m\u00e1xima. Nossos profissionais s\u00e3o treinados para manusear cargas de maneira segura e adequada, minimizando os riscos ao longo de todo o processo.<\/p>\n<\/li>\n<li>\n<p><strong>Atendimento Personalizado:<\/strong> Reconhecemos que cada cliente \u00e9 \u00fanico. Portanto, oferecemos solu\u00e7\u00f5es personalizadas que se adaptam \u00e0s suas necessidades espec\u00edficas de transporte e log\u00edstica.<\/p>\n<\/li>\n<\/ol>\n<p><strong>Por que Escolher Nossos Servi\u00e7os:<\/strong><\/p>\n<p>Nossos anos de experi\u00eancia na ind\u00fastria de transporte de terminal e cargas nos destacam como l\u00edderes confi\u00e1veis e inovadores. Combinamos conhecimento especializado com tecnologia avan\u00e7ada para oferecer resultados consistentes e satisfat\u00f3rios.<\/p>\n<p>Seja qual for o tamanho da sua carga ou a complexidade da sua log\u00edstica, estamos preparados para enfrentar desafios e entregar resultados.&nbsp;<\/p><p><span style=\"background-color: var( --e-global-color-primary ); font-size: 1.2em; color: var( --e-global-color-text );\">Sua satisfa\u00e7\u00e3o \u00e9 nossa prioridade.<\/span><\/p>\t\t\t\t\t\t<\/div>\n\t\t\t\t<\/div>\n\t\t\t\t<div class=\"elementor-element elementor-element-99f71c5 elementor-widget elementor-widget-heading\" data-id=\"99f71c5\" data-element_type=\"widget\" data-widget_type=\"heading.default\">\n\t\t\t\t<div class=\"elementor-widget-container\">\n\t\t\t<h2 class=\"elementor-heading-title elementor-size-default\">Entre em Contato, Acesse Aqui nosso Whatsapp:<\/h2>\t\t<\/div>\n\t\t\t\t<\/div>\n\t\t\t\t<div class=\"elementor-element elementor-element-8667b94 elementor-widescreen-align-center elementor-align-center elementor-widget elementor-widget-button\" data-id=\"8667b94\" data-element_type=\"widget\" data-widget_type=\"button.default\">\n\t\t\t\t<div class=\"elementor-widget-container\">\n\t\t\t\t\t<div class=\"elementor-button-wrapper\">\n\t\t\t<a class=\"elementor-button elementor-button-link elementor-size-md\" href=\"#\">\n\t\t\t\t\t\t<span class=\"elementor-button-content-wrapper\">\n\t\t\t\t\t\t<span class=\"elementor-button-icon elementor-align-icon-left\">\n\t\t\t\t<i aria-hidden=\"true\" class=\"fab fa-whatsapp\"><\/i>\t\t\t<\/span>\n\t\t\t\t\t\t<span class=\"elementor-button-text\">Temos a solu\u00e7\u00e3o perfeita para sua log\u00edstica<\/span>\n\t\t<\/span>\n\t\t\t\t\t<\/a>\n\t\t<\/div>\n\t\t\t\t<\/div>\n\t\t\t\t<\/div>\n\t\t\t\t<\/div>\n\t\t\t\t\t\t\t<\/div>\n\t\t","protected":false},"excerpt":{"rendered":"<p>Se voc\u00ea est\u00e1 buscando solu\u00e7\u00f5es confi\u00e1veis e eficientes para o armazenamento de cargas em terminal, chegou ao lugar certo. Nossos servi\u00e7os de transporte s\u00e3o projetados para atender \u00e0s demandas complexas da log\u00edstica moderna, garantindo que suas cargas sejam entregues com seguran\u00e7a, pontualidade e economia. Benef\u00edcios dos Nossos Servi\u00e7os de&nbsp;armazenamento de cargas em terminal: Log\u00edstica Precisa: [&hellip;]<\/p>\n","protected":false},"author":1,"featured_media":0,"parent":0,"menu_order":0,"comment_status":"closed","ping_status":"closed","template":"elementor_header_footer","meta":{"footnotes":""},"class_list":["post-710","page","type-page","status-publish","hentry"],"_links":{"self":[{"href":"https:\/\/aguiatranslog.com.br\/index.php?rest_route=\/wp\/v2\/pages\/710","targetHints":{"allow":["GET"]}}],"collection":[{"href":"https:\/\/aguiatranslog.com.br\/index.php?rest_route=\/wp\/v2\/pages"}],"about":[{"href":"https:\/\/aguiatranslog.com.br\/index.php?rest_route=\/wp\/v2\/types\/page"}],"author":[{"embeddable":true,"href":"https:\/\/aguiatranslog.com.br\/index.php?rest_route=\/wp\/v2\/users\/1"}],"replies":[{"embeddable":true,"href":"https:\/\/aguiatranslog.com.br\/index.php?rest_route=%2Fwp%2Fv2%2Fcomments&post=710"}],"version-history":[{"count":7,"href":"https:\/\/aguiatranslog.com.br\/index.php?rest_route=\/wp\/v2\/pages\/710\/revisions"}],"predecessor-version":[{"id":749,"href":"https:\/\/aguiatranslog.com.br\/index.php?rest_route=\/wp\/v2\/pages\/710\/revisions\/749"}],"wp:attachment":[{"href":"https:\/\/aguiatranslog.com.br\/index.php?rest_route=%2Fwp%2Fv2%2Fmedia&parent=710"}],"curies":[{"name":"wp","href":"https:\/\/api.w.org\/{rel}","templated":true}]}}