{"id":702,"date":"2023-11-01T02:19:49","date_gmt":"2023-11-01T02:19:49","guid":{"rendered":"https:\/\/aguiatranslog.com.br\/?page_id=702"},"modified":"2023-11-01T04:10:49","modified_gmt":"2023-11-01T04:10:49","slug":"servicos-de-carga-solta-em-santos-e-itajai","status":"publish","type":"page","link":"https:\/\/aguiatranslog.com.br\/?page_id=702","title":{"rendered":"Servi\u00e7os de Carga Solta em Santos e Itaja\u00ed"},"content":{"rendered":"\t\t<div data-elementor-type=\"wp-page\" data-elementor-id=\"702\" class=\"elementor elementor-702\" data-elementor-post-type=\"page\">\n\t\t\t\t\t\t\t<div class=\"elementor-element elementor-element-f54a595 e-con-full e-flex e-con e-parent\" data-id=\"f54a595\" data-element_type=\"container\" data-settings=\"{&quot;content_width&quot;:&quot;full&quot;,&quot;background_background&quot;:&quot;classic&quot;,&quot;container_type&quot;:&quot;flex&quot;}\" data-core-v316-plus=\"true\">\n\t\t\t\t<div class=\"elementor-element elementor-element-97d1bf5 elementor-widget elementor-widget-heading\" data-id=\"97d1bf5\" data-element_type=\"widget\" data-widget_type=\"heading.default\">\n\t\t\t\t<div class=\"elementor-widget-container\">\n\t\t\t<style>\/*! elementor - v3.17.0 - 01-11-2023 *\/\n.elementor-heading-title{padding:0;margin:0;line-height:1}.elementor-widget-heading .elementor-heading-title[class*=elementor-size-]>a{color:inherit;font-size:inherit;line-height:inherit}.elementor-widget-heading .elementor-heading-title.elementor-size-small{font-size:15px}.elementor-widget-heading .elementor-heading-title.elementor-size-medium{font-size:19px}.elementor-widget-heading .elementor-heading-title.elementor-size-large{font-size:29px}.elementor-widget-heading .elementor-heading-title.elementor-size-xl{font-size:39px}.elementor-widget-heading .elementor-heading-title.elementor-size-xxl{font-size:59px}<\/style><h2 class=\"elementor-heading-title elementor-size-default\">Servi\u00e7os de Carga Solta em Santos e Itaja\u00ed<\/h2>\t\t<\/div>\n\t\t\t\t<\/div>\n\t\t\t\t<\/div>\n\t\t<div class=\"elementor-element elementor-element-794ba45 e-con-full e-flex e-con e-parent\" data-id=\"794ba45\" data-element_type=\"container\" data-settings=\"{&quot;content_width&quot;:&quot;full&quot;,&quot;background_background&quot;:&quot;gradient&quot;,&quot;container_type&quot;:&quot;flex&quot;}\" data-core-v316-plus=\"true\">\n\t\t\t\t<div class=\"elementor-element elementor-element-7dbd210 elementor-widget elementor-widget-text-editor\" data-id=\"7dbd210\" data-element_type=\"widget\" data-widget_type=\"text-editor.default\">\n\t\t\t\t<div class=\"elementor-widget-container\">\n\t\t\t<style>\/*! elementor - v3.17.0 - 01-11-2023 *\/\n.elementor-widget-text-editor.elementor-drop-cap-view-stacked .elementor-drop-cap{background-color:#69727d;color:#fff}.elementor-widget-text-editor.elementor-drop-cap-view-framed .elementor-drop-cap{color:#69727d;border:3px solid;background-color:transparent}.elementor-widget-text-editor:not(.elementor-drop-cap-view-default) .elementor-drop-cap{margin-top:8px}.elementor-widget-text-editor:not(.elementor-drop-cap-view-default) .elementor-drop-cap-letter{width:1em;height:1em}.elementor-widget-text-editor .elementor-drop-cap{float:left;text-align:center;line-height:1;font-size:50px}.elementor-widget-text-editor .elementor-drop-cap-letter{display:inline-block}<\/style>\t\t\t\t<p>Procurando por um servi\u00e7o confi\u00e1vel e eficiente de transporte de carga solta? Seja para movimenta\u00e7\u00e3o de mercadorias industriais, materiais de constru\u00e7\u00e3o ou qualquer outra necessidade de transporte, estamos aqui para atender \u00e0s suas demandas com excel\u00eancia. A \u00c1guia Translog oferece solu\u00e7\u00f5es sob medida para as suas necessidades log\u00edsticas, garantindo efici\u00eancia, pontualidade e seguran\u00e7a em cada etapa do processo.<\/p>\n<p><strong>Por que escolher nosso servi\u00e7o de transporte de carga solta?<\/strong><\/p>\n<ol>\n<li>\n<p><strong>Ampla Experi\u00eancia<\/strong>: Com anos de experi\u00eancia no setor de log\u00edstica, somos especialistas em transporte de carga solta. Nossa equipe est\u00e1 altamente treinada para lidar com diversos tipos de cargas, desde itens volumosos at\u00e9 cargas sens\u00edveis.<\/p>\n<\/li>\n<li>\n<p><strong>Frota Moderna e Diversificada<\/strong>: Contamos com uma frota moderna de ve\u00edculos especialmente equipados para lidar com cargas soltas. Independentemente do tamanho, peso ou natureza da carga, temos os ve\u00edculos adequados para garantir um transporte seguro e eficiente.<\/p>\n<\/li>\n<li>\n<p><strong>Seguran\u00e7a em Primeiro Lugar<\/strong>: Sabemos o qu\u00e3o valiosas s\u00e3o suas mercadorias. Por isso, adotamos rigorosos padr\u00f5es de seguran\u00e7a durante todo o processo de transporte. Desde o manuseio cuidadoso at\u00e9 a fixa\u00e7\u00e3o adequada da carga, priorizamos a seguran\u00e7a em cada etapa.<\/p>\n<\/li>\n<li>\n<p><strong>Pontualidade Garantida<\/strong>: Entendemos a import\u00e2ncia do tempo no mundo dos neg\u00f3cios. Nossa equipe est\u00e1 comprometida em cumprir prazos e entregar suas mercadorias dentro do cronograma acordado, minimizando qualquer impacto negativo na sua cadeia de suprimentos.<\/p>\n<\/li>\n<li>\n<p><strong>Solu\u00e7\u00f5es Personalizadas<\/strong>: Reconhecemos que cada carga \u00e9 \u00fanica. Portanto, oferecemos solu\u00e7\u00f5es personalizadas de transporte que se adequam \u00e0s suas especifica\u00e7\u00f5es. Nossa equipe de especialistas trabalhar\u00e1 em conjunto com voc\u00ea para desenvolver o melhor plano de transporte para suas necessidades espec\u00edficas.<\/p>\n<\/li>\n<li>\n<p><strong>Rastreamento em Tempo Real<\/strong>: Mantenha-se informado sobre o status da sua carga. Oferecemos sistemas de rastreamento em tempo real, permitindo que voc\u00ea acompanhe o progresso da entrega e esteja sempre atualizado.<\/p>\n<\/li>\n<\/ol>\n<p>Quando se trata de transporte de carga solta, nossa dedica\u00e7\u00e3o \u00e0 excel\u00eancia, aliada \u00e0 nossa expertise e compromisso com a seguran\u00e7a, nos torna a escolha ideal para atender \u00e0s suas necessidades log\u00edsticas. N\u00e3o deixe suas mercadorias ao acaso, confie em um servi\u00e7o que prioriza a qualidade em cada detalhe.<\/p>\n<p>Entre em contato conosco hoje mesmo para discutir suas necessidades de transporte de carga solta e descubra como podemos otimizar sua log\u00edstica de forma eficaz e confi\u00e1vel. Sua carga solta est\u00e1 em boas m\u00e3os conosco.<\/p>\t\t\t\t\t\t<\/div>\n\t\t\t\t<\/div>\n\t\t\t\t<div class=\"elementor-element elementor-element-99f71c5 elementor-widget elementor-widget-heading\" data-id=\"99f71c5\" data-element_type=\"widget\" data-widget_type=\"heading.default\">\n\t\t\t\t<div class=\"elementor-widget-container\">\n\t\t\t<h2 class=\"elementor-heading-title elementor-size-default\">Entre em Contato, Acesse Aqui nosso Whatsapp:<\/h2>\t\t<\/div>\n\t\t\t\t<\/div>\n\t\t\t\t<div class=\"elementor-element elementor-element-8667b94 elementor-widescreen-align-center elementor-align-center elementor-widget elementor-widget-button\" data-id=\"8667b94\" data-element_type=\"widget\" data-widget_type=\"button.default\">\n\t\t\t\t<div class=\"elementor-widget-container\">\n\t\t\t\t\t<div class=\"elementor-button-wrapper\">\n\t\t\t<a class=\"elementor-button elementor-button-link elementor-size-md\" href=\"#\">\n\t\t\t\t\t\t<span class=\"elementor-button-content-wrapper\">\n\t\t\t\t\t\t<span class=\"elementor-button-icon elementor-align-icon-left\">\n\t\t\t\t<i aria-hidden=\"true\" class=\"fab fa-whatsapp\"><\/i>\t\t\t<\/span>\n\t\t\t\t\t\t<span class=\"elementor-button-text\">Temos a solu\u00e7\u00e3o perfeita para sua log\u00edstica<\/span>\n\t\t<\/span>\n\t\t\t\t\t<\/a>\n\t\t<\/div>\n\t\t\t\t<\/div>\n\t\t\t\t<\/div>\n\t\t\t\t<\/div>\n\t\t\t\t\t\t\t<\/div>\n\t\t","protected":false},"excerpt":{"rendered":"<p>Procurando por um servi\u00e7o confi\u00e1vel e eficiente de transporte de carga solta? Seja para movimenta\u00e7\u00e3o de mercadorias industriais, materiais de constru\u00e7\u00e3o ou qualquer outra necessidade de transporte, estamos aqui para atender \u00e0s suas demandas com excel\u00eancia. A \u00c1guia Translog oferece solu\u00e7\u00f5es sob medida para as suas necessidades log\u00edsticas, garantindo efici\u00eancia, pontualidade e seguran\u00e7a em cada [&hellip;]<\/p>\n","protected":false},"author":1,"featured_media":0,"parent":0,"menu_order":0,"comment_status":"closed","ping_status":"closed","template":"elementor_header_footer","meta":{"footnotes":""},"class_list":["post-702","page","type-page","status-publish","hentry"],"_links":{"self":[{"href":"https:\/\/aguiatranslog.com.br\/index.php?rest_route=\/wp\/v2\/pages\/702","targetHints":{"allow":["GET"]}}],"collection":[{"href":"https:\/\/aguiatranslog.com.br\/index.php?rest_route=\/wp\/v2\/pages"}],"about":[{"href":"https:\/\/aguiatranslog.com.br\/index.php?rest_route=\/wp\/v2\/types\/page"}],"author":[{"embeddable":true,"href":"https:\/\/aguiatranslog.com.br\/index.php?rest_route=\/wp\/v2\/users\/1"}],"replies":[{"embeddable":true,"href":"https:\/\/aguiatranslog.com.br\/index.php?rest_route=%2Fwp%2Fv2%2Fcomments&post=702"}],"version-history":[{"count":7,"href":"https:\/\/aguiatranslog.com.br\/index.php?rest_route=\/wp\/v2\/pages\/702\/revisions"}],"predecessor-version":[{"id":744,"href":"https:\/\/aguiatranslog.com.br\/index.php?rest_route=\/wp\/v2\/pages\/702\/revisions\/744"}],"wp:attachment":[{"href":"https:\/\/aguiatranslog.com.br\/index.php?rest_route=%2Fwp%2Fv2%2Fmedia&parent=702"}],"curies":[{"name":"wp","href":"https:\/\/api.w.org\/{rel}","templated":true}]}}