{"id":690,"date":"2023-11-01T02:12:39","date_gmt":"2023-11-01T02:12:39","guid":{"rendered":"https:\/\/aguiatranslog.com.br\/?page_id=690"},"modified":"2023-11-01T04:22:46","modified_gmt":"2023-11-01T04:22:46","slug":"servico-de-excedentes-em-pranchas-porto-de-santos-e-itajai","status":"publish","type":"page","link":"https:\/\/aguiatranslog.com.br\/?page_id=690","title":{"rendered":"Servi\u00e7o de Excedentes em Pranchas porto de Santos e Itaja\u00ed"},"content":{"rendered":"\t\t<div data-elementor-type=\"wp-page\" data-elementor-id=\"690\" class=\"elementor elementor-690\" data-elementor-post-type=\"page\">\n\t\t\t\t\t\t\t<div class=\"elementor-element elementor-element-f54a595 e-con-full e-flex e-con e-parent\" data-id=\"f54a595\" data-element_type=\"container\" data-settings=\"{&quot;content_width&quot;:&quot;full&quot;,&quot;background_background&quot;:&quot;classic&quot;,&quot;container_type&quot;:&quot;flex&quot;}\" data-core-v316-plus=\"true\">\n\t\t\t\t<div class=\"elementor-element elementor-element-97d1bf5 elementor-widget elementor-widget-heading\" data-id=\"97d1bf5\" data-element_type=\"widget\" data-widget_type=\"heading.default\">\n\t\t\t\t<div class=\"elementor-widget-container\">\n\t\t\t<style>\/*! elementor - v3.17.0 - 01-11-2023 *\/\n.elementor-heading-title{padding:0;margin:0;line-height:1}.elementor-widget-heading .elementor-heading-title[class*=elementor-size-]>a{color:inherit;font-size:inherit;line-height:inherit}.elementor-widget-heading .elementor-heading-title.elementor-size-small{font-size:15px}.elementor-widget-heading .elementor-heading-title.elementor-size-medium{font-size:19px}.elementor-widget-heading .elementor-heading-title.elementor-size-large{font-size:29px}.elementor-widget-heading .elementor-heading-title.elementor-size-xl{font-size:39px}.elementor-widget-heading .elementor-heading-title.elementor-size-xxl{font-size:59px}<\/style><h2 class=\"elementor-heading-title elementor-size-default\">Servi\u00e7o de Excedentes em Pranchas porto de Santos e Itaja\u00ed<\/h2>\t\t<\/div>\n\t\t\t\t<\/div>\n\t\t\t\t<\/div>\n\t\t<div class=\"elementor-element elementor-element-794ba45 e-con-full e-flex e-con e-parent\" data-id=\"794ba45\" data-element_type=\"container\" data-settings=\"{&quot;content_width&quot;:&quot;full&quot;,&quot;background_background&quot;:&quot;gradient&quot;,&quot;container_type&quot;:&quot;flex&quot;}\" data-core-v316-plus=\"true\">\n\t\t\t\t<div class=\"elementor-element elementor-element-7dbd210 elementor-widget elementor-widget-text-editor\" data-id=\"7dbd210\" data-element_type=\"widget\" data-widget_type=\"text-editor.default\">\n\t\t\t\t<div class=\"elementor-widget-container\">\n\t\t\t<style>\/*! elementor - v3.17.0 - 01-11-2023 *\/\n.elementor-widget-text-editor.elementor-drop-cap-view-stacked .elementor-drop-cap{background-color:#69727d;color:#fff}.elementor-widget-text-editor.elementor-drop-cap-view-framed .elementor-drop-cap{color:#69727d;border:3px solid;background-color:transparent}.elementor-widget-text-editor:not(.elementor-drop-cap-view-default) .elementor-drop-cap{margin-top:8px}.elementor-widget-text-editor:not(.elementor-drop-cap-view-default) .elementor-drop-cap-letter{width:1em;height:1em}.elementor-widget-text-editor .elementor-drop-cap{float:left;text-align:center;line-height:1;font-size:50px}.elementor-widget-text-editor .elementor-drop-cap-letter{display:inline-block}<\/style>\t\t\t\t<p>Quando se trata de transporte de excedentes de cargas volumosas e pesadas, seja em Santos ou em Itaja\u00ed a escolha certa faz toda a diferen\u00e7a. Nossos servi\u00e7os de transporte de excedentes em prancha oferecem a combina\u00e7\u00e3o perfeita de efici\u00eancia e confiabilidade para atender \u00e0s suas necessidades log\u00edsticas mais desafiadoras.<\/p><p><strong>Por que Escolher a \u00c1guia Translog para Excedentes em Pranchas?<\/strong><\/p><ol><li><p><strong>Equipe Especializada:<\/strong> Contamos com uma equipe altamente treinada e experiente em manuseio e transporte de cargas excedentes. Nossa expertise garante que sua carga seja tratada com o m\u00e1ximo cuidado e precis\u00e3o durante todo o processo.<\/p><\/li><li><p><strong>Frota Moderna:<\/strong> Investimos constantemente em nossa frota de ve\u00edculos e equipamentos especializados. Nossas pranchas s\u00e3o projetadas para suportar cargas volumosas e pesadas, proporcionando seguran\u00e7a e estabilidade durante o transporte.<\/p><\/li><li><p><strong>Log\u00edstica Eficiente:<\/strong> Com uma abordagem orientada para a efici\u00eancia, planejamos meticulosamente cada etapa do transporte. Isso inclui a sele\u00e7\u00e3o das rotas mais adequadas, considerando fatores como restri\u00e7\u00f5es de tamanho e peso, a fim de evitar atrasos e otimizar o tempo de entrega.<\/p><\/li><li><p><strong>Conformidade e Seguran\u00e7a:<\/strong> Estamos comprometidos com os mais altos padr\u00f5es de seguran\u00e7a e conformidade regulat\u00f3ria. Nossos motoristas s\u00e3o certificados e seguem protocolos rigorosos para garantir que sua carga chegue ao destino final sem contratempos.<\/p><\/li><li><p><strong>Atendimento Personalizado:<\/strong> Reconhecemos que cada carga excedente \u00e9 \u00fanica. Nossa equipe trabalha em estreita colabora\u00e7\u00e3o com voc\u00ea para compreender suas necessidades espec\u00edficas e oferecer solu\u00e7\u00f5es sob medida que se alinhem ao seu cronograma e or\u00e7amento.<\/p><\/li><\/ol><p>Quando voc\u00ea escolhe a \u00c1guia Translog como a melhor op\u00e7\u00e3o em servi\u00e7os de transporte de excedentes em prancha, voc\u00ea est\u00e1 escolhendo a excel\u00eancia em log\u00edstica e a tranquilidade de saber que sua carga est\u00e1 em m\u00e3os capazes. Oferecemos a combina\u00e7\u00e3o perfeita de conhecimento, equipamentos e compromisso para enfrentar os desafios log\u00edsticos mais complexos. Entre em contato conosco hoje mesmo para discutir como podemos atender \u00e0s suas necessidades de transporte de forma eficiente e confi\u00e1vel.<\/p>\t\t\t\t\t\t<\/div>\n\t\t\t\t<\/div>\n\t\t\t\t<div class=\"elementor-element elementor-element-99f71c5 elementor-widget elementor-widget-heading\" data-id=\"99f71c5\" data-element_type=\"widget\" data-widget_type=\"heading.default\">\n\t\t\t\t<div class=\"elementor-widget-container\">\n\t\t\t<h2 class=\"elementor-heading-title elementor-size-default\">Entre em Contato, Acesse Aqui nosso Whatsapp:<\/h2>\t\t<\/div>\n\t\t\t\t<\/div>\n\t\t\t\t<div class=\"elementor-element elementor-element-8667b94 elementor-widescreen-align-center elementor-align-center elementor-widget elementor-widget-button\" data-id=\"8667b94\" data-element_type=\"widget\" data-widget_type=\"button.default\">\n\t\t\t\t<div class=\"elementor-widget-container\">\n\t\t\t\t\t<div class=\"elementor-button-wrapper\">\n\t\t\t<a class=\"elementor-button elementor-button-link elementor-size-md\" href=\"#\">\n\t\t\t\t\t\t<span class=\"elementor-button-content-wrapper\">\n\t\t\t\t\t\t<span class=\"elementor-button-icon elementor-align-icon-left\">\n\t\t\t\t<i aria-hidden=\"true\" class=\"fab fa-whatsapp\"><\/i>\t\t\t<\/span>\n\t\t\t\t\t\t<span class=\"elementor-button-text\">Temos a solu\u00e7\u00e3o perfeita para sua log\u00edstica<\/span>\n\t\t<\/span>\n\t\t\t\t\t<\/a>\n\t\t<\/div>\n\t\t\t\t<\/div>\n\t\t\t\t<\/div>\n\t\t\t\t<\/div>\n\t\t\t\t\t\t\t<\/div>\n\t\t","protected":false},"excerpt":{"rendered":"<p>Quando se trata de transporte de excedentes de cargas volumosas e pesadas, seja em Santos ou em Itaja\u00ed a escolha certa faz toda a diferen\u00e7a. Nossos servi\u00e7os de transporte de excedentes em prancha oferecem a combina\u00e7\u00e3o perfeita de efici\u00eancia e confiabilidade para atender \u00e0s suas necessidades log\u00edsticas mais desafiadoras. Por que Escolher a \u00c1guia Translog [&hellip;]<\/p>\n","protected":false},"author":1,"featured_media":731,"parent":0,"menu_order":0,"comment_status":"closed","ping_status":"closed","template":"elementor_header_footer","meta":{"footnotes":""},"class_list":["post-690","page","type-page","status-publish","has-post-thumbnail","hentry"],"_links":{"self":[{"href":"https:\/\/aguiatranslog.com.br\/index.php?rest_route=\/wp\/v2\/pages\/690","targetHints":{"allow":["GET"]}}],"collection":[{"href":"https:\/\/aguiatranslog.com.br\/index.php?rest_route=\/wp\/v2\/pages"}],"about":[{"href":"https:\/\/aguiatranslog.com.br\/index.php?rest_route=\/wp\/v2\/types\/page"}],"author":[{"embeddable":true,"href":"https:\/\/aguiatranslog.com.br\/index.php?rest_route=\/wp\/v2\/users\/1"}],"replies":[{"embeddable":true,"href":"https:\/\/aguiatranslog.com.br\/index.php?rest_route=%2Fwp%2Fv2%2Fcomments&post=690"}],"version-history":[{"count":18,"href":"https:\/\/aguiatranslog.com.br\/index.php?rest_route=\/wp\/v2\/pages\/690\/revisions"}],"predecessor-version":[{"id":753,"href":"https:\/\/aguiatranslog.com.br\/index.php?rest_route=\/wp\/v2\/pages\/690\/revisions\/753"}],"wp:featuredmedia":[{"embeddable":true,"href":"https:\/\/aguiatranslog.com.br\/index.php?rest_route=\/wp\/v2\/media\/731"}],"wp:attachment":[{"href":"https:\/\/aguiatranslog.com.br\/index.php?rest_route=%2Fwp%2Fv2%2Fmedia&parent=690"}],"curies":[{"name":"wp","href":"https:\/\/api.w.org\/{rel}","templated":true}]}}